{"id":637984,"date":"2026-04-09T02:29:08","date_gmt":"2026-04-09T00:29:08","guid":{"rendered":"https:\/\/industriasoriol.com\/?p=637984"},"modified":"2026-04-09T02:29:08","modified_gmt":"2026-04-09T00:29:08","slug":"aquecedor-roll-on-03379","status":"publish","type":"product","link":"https:\/\/industriasoriol.com\/pt-pt\/producto\/aquecedor-roll-on-03379\/","title":{"rendered":"AQUECEDOR ROLL-ON 03379"},"content":{"rendered":"<h3 data-start=\"1624\" data-end=\"1646\">Caracter\u00edsticas:<\/h3>\n<ul data-start=\"1647\" data-end=\"2032\">\n<li data-start=\"1647\" data-end=\"1707\">\n<p data-start=\"1649\" data-end=\"1707\">Visor lateral para verificar facilmente o n\u00edvel de cera.<\/p>\n<\/li>\n<li data-start=\"1708\" data-end=\"1764\">\n<p data-start=\"1710\" data-end=\"1764\">Design ergon\u00f4mico, confort\u00e1vel e seguro de manusear.<\/p>\n<\/li>\n<li data-start=\"1765\" data-end=\"1831\">\n<p data-start=\"1767\" data-end=\"1831\">Aquecimento r\u00e1pido: atinge a temperatura ideal em pouco tempo.<\/p>\n<\/li>\n<li data-start=\"1832\" data-end=\"1913\">\n<p data-start=\"1834\" data-end=\"1913\">Compat\u00edvel com qualquer cartucho roll-on, gra\u00e7as ao design interno adapt\u00e1vel.<\/p>\n<\/li>\n<li data-start=\"1914\" data-end=\"1995\">\n<p data-start=\"1916\" data-end=\"1995\">Termostato interno n\u00e3o ajust\u00e1vel que mant\u00e9m a temperatura ideal de aplica\u00e7\u00e3o.<\/p>\n<\/li>\n<li data-start=\"1996\" data-end=\"2032\">\n<p data-start=\"1998\" data-end=\"2032\">Indicador LED de ligado\/desligado.<\/p>\n<\/li>\n<\/ul>\n<h3 data-start=\"2034\" data-end=\"2064\">Especifica\u00e7\u00f5es T\u00e9cnicas:<\/h3>\n<ul data-start=\"2065\" data-end=\"2266\">\n<li data-start=\"2065\" data-end=\"2088\">\n<p data-start=\"2067\" data-end=\"2088\">Voltagem: 100\u2013240V~<\/p>\n<\/li>\n<li data-start=\"2089\" data-end=\"2113\">\n<p data-start=\"2091\" data-end=\"2113\">Frequ\u00eancia: 50\u201360 Hz<\/p>\n<\/li>\n<li data-start=\"2114\" data-end=\"2131\">\n<p data-start=\"2116\" data-end=\"2131\">Pot\u00eancia: 15W<\/p>\n<\/li>\n<li data-start=\"2132\" data-end=\"2146\">\n<p data-start=\"2134\" data-end=\"2146\">Classe: II<\/p>\n<\/li>\n<li data-start=\"2147\" data-end=\"2196\">\n<p data-start=\"2149\" data-end=\"2196\">Faixa de temperatura (sem cera): 80\u00b0C \u2013 105\u00b0C<\/p>\n<\/li>\n<li data-start=\"2197\" data-end=\"2266\">\n<p data-start=\"2199\" data-end=\"2266\">Tempo de fus\u00e3o da cera: 23\u201325 minutos*<br data-start=\"2237\" data-end=\"2240\">* Em temperatura ambiente<\/p>\n<\/li>\n<\/ul>\n","protected":false},"featured_media":0,"template":"","meta":{"_eb_attr":""},"product_brand":[1585],"product_category":[555],"class_list":["post-637984","product","type-product","status-publish","hentry","product_brand-1585","product_category-calentador-roll-on"],"_links":{"self":[{"href":"https:\/\/industriasoriol.com\/pt-pt\/wp-json\/wp\/v2\/product\/637984","targetHints":{"allow":["GET"]}}],"collection":[{"href":"https:\/\/industriasoriol.com\/pt-pt\/wp-json\/wp\/v2\/product"}],"about":[{"href":"https:\/\/industriasoriol.com\/pt-pt\/wp-json\/wp\/v2\/types\/product"}],"wp:attachment":[{"href":"https:\/\/industriasoriol.com\/pt-pt\/wp-json\/wp\/v2\/media?parent=637984"}],"wp:term":[{"taxonomy":"product_brand","embeddable":true,"href":"https:\/\/industriasoriol.com\/pt-pt\/wp-json\/wp\/v2\/product_brand?post=637984"},{"taxonomy":"product_category","embeddable":true,"href":"https:\/\/industriasoriol.com\/pt-pt\/wp-json\/wp\/v2\/product_category?post=637984"}],"curies":[{"name":"wp","href":"https:\/\/api.w.org\/{rel}","templated":true}]}}