{"id":639232,"date":"2026-04-09T02:41:01","date_gmt":"2026-04-09T00:41:01","guid":{"rendered":"https:\/\/industriasoriol.com\/?p=639232"},"modified":"2026-04-09T02:41:01","modified_gmt":"2026-04-09T00:41:01","slug":"serum-tassel-linha-argan-50-ml","status":"publish","type":"product","link":"https:\/\/industriasoriol.com\/pt-pt\/producto\/serum-tassel-linha-argan-50-ml\/","title":{"rendered":"S\u00c9RUM TASSEL LINHA ARGAN 50 ML"},"content":{"rendered":"<p data-start=\"1215\" data-end=\"1419\"><strong data-start=\"1215\" data-end=\"1251\">S\u00e9rum capilar com \u00f3leo de argan.<\/strong> Repara e condiciona o cabelo, eliminando o frizz instantaneamente. A sua f\u00f3rmula fortalecedora atua desde o interior para restaurar o cabelo danificado e quebradi\u00e7o.<\/p>\n<p data-start=\"1421\" data-end=\"1687\"><strong data-start=\"1421\" data-end=\"1434\">APLICA\u00c7\u00c3O<\/strong><br data-start=\"1434\" data-end=\"1437\">No cabelo h\u00famido, aplicar 1 ou 2 vezes por semana ap\u00f3s a lavagem. Massajar desde o couro cabeludo at\u00e9 \u00e0s pontas durante 2 a 3 minutos e enxaguar bem. No cabelo seco, colocar 3 a 4 gotas na palma da m\u00e3o e aplicar de meios a pontas de forma uniforme.<\/p>\n<p data-start=\"1689\" data-end=\"1702\"><strong data-start=\"1689\" data-end=\"1700\">FORMATO<\/strong><\/p>\n<ul data-start=\"1703\" data-end=\"1711\">\n<li data-start=\"1703\" data-end=\"1711\">\n<p data-start=\"1705\" data-end=\"1711\">50ml<\/p>\n<\/li>\n<\/ul>\n","protected":false},"featured_media":0,"template":"","meta":{"_eb_attr":""},"product_brand":[1596],"product_category":[1676],"class_list":["post-639232","product","type-product","status-publish","hentry","product_brand-1596","product_category-aceites-y-serums"],"_links":{"self":[{"href":"https:\/\/industriasoriol.com\/pt-pt\/wp-json\/wp\/v2\/product\/639232","targetHints":{"allow":["GET"]}}],"collection":[{"href":"https:\/\/industriasoriol.com\/pt-pt\/wp-json\/wp\/v2\/product"}],"about":[{"href":"https:\/\/industriasoriol.com\/pt-pt\/wp-json\/wp\/v2\/types\/product"}],"wp:attachment":[{"href":"https:\/\/industriasoriol.com\/pt-pt\/wp-json\/wp\/v2\/media?parent=639232"}],"wp:term":[{"taxonomy":"product_brand","embeddable":true,"href":"https:\/\/industriasoriol.com\/pt-pt\/wp-json\/wp\/v2\/product_brand?post=639232"},{"taxonomy":"product_category","embeddable":true,"href":"https:\/\/industriasoriol.com\/pt-pt\/wp-json\/wp\/v2\/product_category?post=639232"}],"curies":[{"name":"wp","href":"https:\/\/api.w.org\/{rel}","templated":true}]}}