{"id":639600,"date":"2026-04-09T02:44:30","date_gmt":"2026-04-09T00:44:30","guid":{"rendered":"https:\/\/industriasoriol.com\/?p=639600"},"modified":"2026-04-09T02:44:30","modified_gmt":"2026-04-09T00:44:30","slug":"prancha-a-vapor-steam","status":"publish","type":"product","link":"https:\/\/industriasoriol.com\/pt-pt\/producto\/prancha-a-vapor-steam\/","title":{"rendered":"PRANCHA A VAPOR STEAM"},"content":{"rendered":"<p data-start=\"2028\" data-end=\"2372\">O alisador a vapor STEAM proporciona ao cabelo um acabamento suave e brilhante gra\u00e7as \u00e0s suas placas de cer\u00e2mica e turmalina, gerador de i\u00f5es e tecnologia Nano Silver.<br data-start=\"2195\" data-end=\"2198\">A sua alta pot\u00eancia e grande dep\u00f3sito geram 5 gramas de vapor por minuto, ideal para trabalhos intensos, mesmo em cabelos longos.<br data-start=\"2327\" data-end=\"2330\"><em data-start=\"2330\" data-end=\"2370\">Reabastecer apenas com \u00e1gua destilada.<\/em><\/p>\n<p data-start=\"2374\" data-end=\"2395\"><strong data-start=\"2374\" data-end=\"2393\">CARACTER\u00cdSTICAS<\/strong><\/p>\n<ul data-start=\"2396\" data-end=\"2890\">\n<li data-start=\"2396\" data-end=\"2420\">\n<p data-start=\"2398\" data-end=\"2420\">Voltagem: 100\u2013240 V~<\/p>\n<\/li>\n<li data-start=\"2421\" data-end=\"2445\">\n<p data-start=\"2423\" data-end=\"2445\">Frequ\u00eancia: 50\/60 Hz<\/p>\n<\/li>\n<li data-start=\"2446\" data-end=\"2465\">\n<p data-start=\"2448\" data-end=\"2465\">Pot\u00eancia: 250 W<\/p>\n<\/li>\n<li data-start=\"2466\" data-end=\"2509\">\n<p data-start=\"2468\" data-end=\"2509\">Placas flutuantes de cer\u00e2mica-turmalina<\/p>\n<\/li>\n<li data-start=\"2510\" data-end=\"2529\">\n<p data-start=\"2512\" data-end=\"2529\">Gerador de i\u00f5es<\/p>\n<\/li>\n<li data-start=\"2530\" data-end=\"2556\">\n<p data-start=\"2532\" data-end=\"2556\">Tecnologia Nano Silver<\/p>\n<\/li>\n<li data-start=\"2557\" data-end=\"2595\">\n<p data-start=\"2559\" data-end=\"2595\">Aquecimento das placas em 1 minuto<\/p>\n<\/li>\n<li data-start=\"2596\" data-end=\"2652\">\n<p data-start=\"2598\" data-end=\"2652\">Desligamento autom\u00e1tico (ap\u00f3s 20 min de inatividade)<\/p>\n<\/li>\n<li data-start=\"2653\" data-end=\"2695\">\n<p data-start=\"2655\" data-end=\"2695\">5 temperaturas (150\u2013170\u2013190\u2013210\u2013230\u00b0C)<\/p>\n<\/li>\n<li data-start=\"2696\" data-end=\"2715\">\n<p data-start=\"2698\" data-end=\"2715\">Dep\u00f3sito: 40 ml<\/p>\n<\/li>\n<li data-start=\"2716\" data-end=\"2745\">\n<p data-start=\"2718\" data-end=\"2745\">Garrafa de recarga: 40 ml<\/p>\n<\/li>\n<li data-start=\"2746\" data-end=\"2775\">\n<p data-start=\"2748\" data-end=\"2775\">Gera\u00e7\u00e3o de vapor: 5 g\/min<\/p>\n<\/li>\n<li data-start=\"2776\" data-end=\"2808\">\n<p data-start=\"2778\" data-end=\"2808\">Adequada para cabelo natural<\/p>\n<\/li>\n<li data-start=\"2809\" data-end=\"2842\">\n<p data-start=\"2811\" data-end=\"2842\">Cabo rotativo de 2,5 m (360\u00b0)<\/p>\n<\/li>\n<li data-start=\"2843\" data-end=\"2874\">\n<p data-start=\"2845\" data-end=\"2874\">Dimens\u00f5es: 318 x 55 x 54 mm<\/p>\n<\/li>\n<li data-start=\"2875\" data-end=\"2890\">\n<p data-start=\"2877\" data-end=\"2890\">Peso: 680 g<\/p>\n<\/li>\n<\/ul>\n","protected":false},"featured_media":0,"template":"","meta":{"_eb_attr":""},"product_brand":[1581],"product_category":[344],"class_list":["post-639600","product","type-product","status-publish","hentry","product_brand-1581","product_category-planchas"],"_links":{"self":[{"href":"https:\/\/industriasoriol.com\/pt-pt\/wp-json\/wp\/v2\/product\/639600","targetHints":{"allow":["GET"]}}],"collection":[{"href":"https:\/\/industriasoriol.com\/pt-pt\/wp-json\/wp\/v2\/product"}],"about":[{"href":"https:\/\/industriasoriol.com\/pt-pt\/wp-json\/wp\/v2\/types\/product"}],"wp:attachment":[{"href":"https:\/\/industriasoriol.com\/pt-pt\/wp-json\/wp\/v2\/media?parent=639600"}],"wp:term":[{"taxonomy":"product_brand","embeddable":true,"href":"https:\/\/industriasoriol.com\/pt-pt\/wp-json\/wp\/v2\/product_brand?post=639600"},{"taxonomy":"product_category","embeddable":true,"href":"https:\/\/industriasoriol.com\/pt-pt\/wp-json\/wp\/v2\/product_category?post=639600"}],"curies":[{"name":"wp","href":"https:\/\/api.w.org\/{rel}","templated":true}]}}