{"id":640308,"date":"2026-04-09T02:51:12","date_gmt":"2026-04-09T00:51:12","guid":{"rendered":"https:\/\/industriasoriol.com\/?p=640308"},"modified":"2026-04-09T02:51:12","modified_gmt":"2026-04-09T00:51:12","slug":"caixa-de-300-tiras-de-papel-de-aluminio-preto","status":"publish","type":"product","link":"https:\/\/industriasoriol.com\/pt-pt\/producto\/caixa-de-300-tiras-de-papel-de-aluminio-preto\/","title":{"rendered":"CAIXA DE 300 TIRAS DE PAPEL DE ALUM\u00cdNIO PRETO"},"content":{"rendered":"<p data-start=\"2047\" data-end=\"2487\">O papel de alum\u00ednio gofrado preto da Eurostil oferece uma fixa\u00e7\u00e3o superior gra\u00e7as \u00e0 sua textura antiderrapante, que facilita a aplica\u00e7\u00e3o precisa da cor e evita deslizamentos durante madeixas, balayage e trabalhos t\u00e9cnicos. O seu acabamento preto permite visualizar melhor a evolu\u00e7\u00e3o do tom, enquanto o alum\u00ednio resistente, flex\u00edvel e de f\u00e1cil manuseamento garante um desempenho profissional em qualquer servi\u00e7o de colora\u00e7\u00e3o.<\/p>\n<p data-start=\"2489\" data-end=\"2510\"><strong data-start=\"2489\" data-end=\"2508\">Caracter\u00edsticas<\/strong><\/p>\n<ul data-start=\"2511\" data-end=\"2590\">\n<li data-start=\"2511\" data-end=\"2528\">\n<p data-start=\"2513\" data-end=\"2528\">Papel gofrado<\/p>\n<\/li>\n<li data-start=\"2529\" data-end=\"2545\">\n<p data-start=\"2531\" data-end=\"2545\">300 unidades<\/p>\n<\/li>\n<li data-start=\"2546\" data-end=\"2569\">\n<p data-start=\"2548\" data-end=\"2569\">Medidas: 27 \u00d7 12 cm<\/p>\n<\/li>\n<li data-start=\"2570\" data-end=\"2590\">\n<p data-start=\"2572\" data-end=\"2590\">Espessura: 12 \u03bcm<\/p>\n<\/li>\n<\/ul>\n","protected":false},"featured_media":0,"template":"","meta":{"_eb_attr":""},"product_brand":[1581],"product_category":[1689],"class_list":["post-640308","product","type-product","status-publish","hentry","product_brand-1581","product_category-papel-aluminio-y-film"],"_links":{"self":[{"href":"https:\/\/industriasoriol.com\/pt-pt\/wp-json\/wp\/v2\/product\/640308","targetHints":{"allow":["GET"]}}],"collection":[{"href":"https:\/\/industriasoriol.com\/pt-pt\/wp-json\/wp\/v2\/product"}],"about":[{"href":"https:\/\/industriasoriol.com\/pt-pt\/wp-json\/wp\/v2\/types\/product"}],"wp:attachment":[{"href":"https:\/\/industriasoriol.com\/pt-pt\/wp-json\/wp\/v2\/media?parent=640308"}],"wp:term":[{"taxonomy":"product_brand","embeddable":true,"href":"https:\/\/industriasoriol.com\/pt-pt\/wp-json\/wp\/v2\/product_brand?post=640308"},{"taxonomy":"product_category","embeddable":true,"href":"https:\/\/industriasoriol.com\/pt-pt\/wp-json\/wp\/v2\/product_category?post=640308"}],"curies":[{"name":"wp","href":"https:\/\/api.w.org\/{rel}","templated":true}]}}