{"id":640417,"date":"2026-04-09T02:52:12","date_gmt":"2026-04-09T00:52:12","guid":{"rendered":"https:\/\/industriasoriol.com\/?p=640417"},"modified":"2026-04-09T02:52:12","modified_gmt":"2026-04-09T00:52:12","slug":"gel-pos-depilacao-500-ml-99-aloe-vera","status":"publish","type":"product","link":"https:\/\/industriasoriol.com\/pt-pt\/producto\/gel-pos-depilacao-500-ml-99-aloe-vera\/","title":{"rendered":"GEL P\u00d3S-DEPILA\u00c7\u00c3O 500 ML 99% ALOE VERA"},"content":{"rendered":"<p>Ideal para ap&oacute;s qualquer tipo de depila&ccedil;&atilde;o, incluindo a laser, gra&ccedil;as ao seu elevado poder regenerador e cicatrizante. Aplicar e massajar at&eacute; completa absor&ccedil;&atilde;o.<\/p>\n<p><strong>CARACTER&Iacute;STICAS<\/strong><\/p>\n<p>99% de aloe vera<br \/>500 ml<\/p>\n","protected":false},"featured_media":0,"template":"","meta":{"_eb_attr":""},"product_brand":[1585],"product_category":[543],"class_list":["post-640417","product","type-product","status-publish","hentry","product_brand-1585","product_category-cosmetica-post-depilacion"],"_links":{"self":[{"href":"https:\/\/industriasoriol.com\/pt-pt\/wp-json\/wp\/v2\/product\/640417","targetHints":{"allow":["GET"]}}],"collection":[{"href":"https:\/\/industriasoriol.com\/pt-pt\/wp-json\/wp\/v2\/product"}],"about":[{"href":"https:\/\/industriasoriol.com\/pt-pt\/wp-json\/wp\/v2\/types\/product"}],"wp:attachment":[{"href":"https:\/\/industriasoriol.com\/pt-pt\/wp-json\/wp\/v2\/media?parent=640417"}],"wp:term":[{"taxonomy":"product_brand","embeddable":true,"href":"https:\/\/industriasoriol.com\/pt-pt\/wp-json\/wp\/v2\/product_brand?post=640417"},{"taxonomy":"product_category","embeddable":true,"href":"https:\/\/industriasoriol.com\/pt-pt\/wp-json\/wp\/v2\/product_category?post=640417"}],"curies":[{"name":"wp","href":"https:\/\/api.w.org\/{rel}","templated":true}]}}