{"id":640826,"date":"2026-04-09T02:56:15","date_gmt":"2026-04-09T00:56:15","guid":{"rendered":"https:\/\/industriasoriol.com\/?p=640826"},"modified":"2026-04-09T02:56:15","modified_gmt":"2026-04-09T00:56:15","slug":"serum-concentrado-de-hialuronico-30-ml","status":"publish","type":"product","link":"https:\/\/industriasoriol.com\/pt-pt\/producto\/serum-concentrado-de-hialuronico-30-ml\/","title":{"rendered":"S\u00c9RUM CONCENTRADO DE HIALUR\u00d3NICO 30 ML."},"content":{"rendered":"<p data-start=\"1246\" data-end=\"1589\"><strong data-start=\"1246\" data-end=\"1298\">S\u00e9rum com alta concentra\u00e7\u00e3o de \u00e1cido hialur\u00f3nico<\/strong> que ajuda a reidratar a pele e a prevenir a perda de \u00e1gua, ao mesmo tempo que refor\u00e7a as suas defesas e melhora significativamente o volume, a firmeza e a suavidade. Gra\u00e7as ao seu efeito antienvelhecimento, combate os efeitos do tempo, deixando a pele mais hidratada, el\u00e1stica e luminosa.<\/p>\n<p data-start=\"1591\" data-end=\"1751\"><strong data-start=\"1591\" data-end=\"1604\">APLICA\u00c7\u00c3O<\/strong><br data-start=\"1604\" data-end=\"1607\">Aplicar de manh\u00e3 e \u00e0 noite antes do creme hidratante, sobre a pele limpa e seca do rosto, pesco\u00e7o e decote. Massajar at\u00e9 \u00e0 sua total absor\u00e7\u00e3o.<\/p>\n<p data-start=\"1753\" data-end=\"1766\"><strong data-start=\"1753\" data-end=\"1764\">FORMATO<\/strong><\/p>\n<ul data-start=\"1767\" data-end=\"1775\">\n<li data-start=\"1767\" data-end=\"1775\">\n<p data-start=\"1769\" data-end=\"1775\">30ml<\/p>\n<\/li>\n<\/ul>\n","protected":false},"featured_media":0,"template":"","meta":{"_eb_attr":""},"product_brand":[1596],"product_category":[1676],"class_list":["post-640826","product","type-product","status-publish","hentry","product_brand-1596","product_category-aceites-y-serums"],"_links":{"self":[{"href":"https:\/\/industriasoriol.com\/pt-pt\/wp-json\/wp\/v2\/product\/640826","targetHints":{"allow":["GET"]}}],"collection":[{"href":"https:\/\/industriasoriol.com\/pt-pt\/wp-json\/wp\/v2\/product"}],"about":[{"href":"https:\/\/industriasoriol.com\/pt-pt\/wp-json\/wp\/v2\/types\/product"}],"wp:attachment":[{"href":"https:\/\/industriasoriol.com\/pt-pt\/wp-json\/wp\/v2\/media?parent=640826"}],"wp:term":[{"taxonomy":"product_brand","embeddable":true,"href":"https:\/\/industriasoriol.com\/pt-pt\/wp-json\/wp\/v2\/product_brand?post=640826"},{"taxonomy":"product_category","embeddable":true,"href":"https:\/\/industriasoriol.com\/pt-pt\/wp-json\/wp\/v2\/product_category?post=640826"}],"curies":[{"name":"wp","href":"https:\/\/api.w.org\/{rel}","templated":true}]}}