{"id":641144,"date":"2026-04-09T02:59:15","date_gmt":"2026-04-09T00:59:15","guid":{"rendered":"https:\/\/industriasoriol.com\/?p=641144"},"modified":"2026-04-09T02:59:15","modified_gmt":"2026-04-09T00:59:15","slug":"maquina-corte-k-3300-com-acessorios","status":"publish","type":"product","link":"https:\/\/industriasoriol.com\/pt-pt\/producto\/maquina-corte-k-3300-com-acessorios\/","title":{"rendered":"M\u00c1QUINA CORTE K-3300 COM ACESSORIOS"},"content":{"rendered":"<p><strong>Pot\u00eancia <\/strong>5 W<br \/><strong>Rota\u00e7\u00f5es <\/strong>6300 rpm<br \/><strong>Sa\u00edda<\/strong> DC 5V 1A<br \/><strong>L\u00e2mina <\/strong>L\u00e2mina de 38 mm<br \/><strong>Escovas <\/strong>3\/6\/9\/12 mm + T<br \/><strong>Peso<\/strong> 133 g<br \/><strong>Bateria <\/strong>De i\u00f5es de l\u00edtio 600 mAh.<br \/><strong>Tempo de carga<\/strong> 120 min<br \/><strong>Autonomia <\/strong>90 min<\/p>\n<p><strong>Acess\u00f3rios<\/strong><\/p>\n<p> Cabo USB<br \/>\u00d3leo lubrificante<br \/>Escova de limpeza<br \/>Pente<br \/>Aparador de nariz<br \/>M\u00e1quina de barbear pequena<br \/>L\u00e2mina de 30 mm<br \/>L\u00e2mina de 8 mm<br \/>Base<\/p>\n<p><strong>Caracter\u00edsticas <\/strong><\/p>\n<p>Luz indicadora de carregamento<br \/>Bot\u00e3o de ligado\/desligado<br \/>Condi\u00e7\u00f5es ambientais id\u00f3neas para a sua utiliza\u00e7\u00e3o: em interiores, temperatura 4 C a 35 \u201cC<br \/>Para qualquer tipo de cabelo natural<\/p>\n","protected":false},"featured_media":0,"template":"","meta":{"_eb_attr":""},"product_brand":[1589],"product_category":[496],"class_list":["post-641144","product","type-product","status-publish","hentry","product_brand-1589","product_category-maquinas-de-retoque"],"_links":{"self":[{"href":"https:\/\/industriasoriol.com\/pt-pt\/wp-json\/wp\/v2\/product\/641144","targetHints":{"allow":["GET"]}}],"collection":[{"href":"https:\/\/industriasoriol.com\/pt-pt\/wp-json\/wp\/v2\/product"}],"about":[{"href":"https:\/\/industriasoriol.com\/pt-pt\/wp-json\/wp\/v2\/types\/product"}],"wp:attachment":[{"href":"https:\/\/industriasoriol.com\/pt-pt\/wp-json\/wp\/v2\/media?parent=641144"}],"wp:term":[{"taxonomy":"product_brand","embeddable":true,"href":"https:\/\/industriasoriol.com\/pt-pt\/wp-json\/wp\/v2\/product_brand?post=641144"},{"taxonomy":"product_category","embeddable":true,"href":"https:\/\/industriasoriol.com\/pt-pt\/wp-json\/wp\/v2\/product_category?post=641144"}],"curies":[{"name":"wp","href":"https:\/\/api.w.org\/{rel}","templated":true}]}}