{"id":642002,"date":"2026-04-09T03:07:34","date_gmt":"2026-04-09T01:07:34","guid":{"rendered":"https:\/\/industriasoriol.com\/?p=642002"},"modified":"2026-04-09T03:07:34","modified_gmt":"2026-04-09T01:07:34","slug":"bolsa-30-capas-brancas-utilizacao-unica","status":"publish","type":"product","link":"https:\/\/industriasoriol.com\/pt-pt\/producto\/bolsa-30-capas-brancas-utilizacao-unica\/","title":{"rendered":"BOLSA 30 CAPAS BRANCAS UTILIZA\u00c7\u00c3O \u00daNICA"},"content":{"rendered":"","protected":false},"featured_media":0,"template":"","meta":{"_eb_attr":""},"product_brand":[1581],"product_category":[407],"class_list":["post-642002","product","type-product","status-publish","hentry","product_brand-1581","product_category-capas"],"_links":{"self":[{"href":"https:\/\/industriasoriol.com\/pt-pt\/wp-json\/wp\/v2\/product\/642002","targetHints":{"allow":["GET"]}}],"collection":[{"href":"https:\/\/industriasoriol.com\/pt-pt\/wp-json\/wp\/v2\/product"}],"about":[{"href":"https:\/\/industriasoriol.com\/pt-pt\/wp-json\/wp\/v2\/types\/product"}],"wp:attachment":[{"href":"https:\/\/industriasoriol.com\/pt-pt\/wp-json\/wp\/v2\/media?parent=642002"}],"wp:term":[{"taxonomy":"product_brand","embeddable":true,"href":"https:\/\/industriasoriol.com\/pt-pt\/wp-json\/wp\/v2\/product_brand?post=642002"},{"taxonomy":"product_category","embeddable":true,"href":"https:\/\/industriasoriol.com\/pt-pt\/wp-json\/wp\/v2\/product_category?post=642002"}],"curies":[{"name":"wp","href":"https:\/\/api.w.org\/{rel}","templated":true}]}}