{"id":642240,"date":"2026-04-09T03:10:45","date_gmt":"2026-04-09T01:10:45","guid":{"rendered":"https:\/\/industriasoriol.com\/?p=642240"},"modified":"2026-04-09T03:10:45","modified_gmt":"2026-04-09T01:10:45","slug":"toalhitas-oleo-pos-depilacao","status":"publish","type":"product","link":"https:\/\/industriasoriol.com\/pt-pt\/producto\/toalhitas-oleo-pos-depilacao\/","title":{"rendered":"TOALHITAS \u00d3LEO P\u00d3S-DEPILA\u00c7\u00c3O"},"content":{"rendered":"","protected":false},"featured_media":0,"template":"","meta":{"_eb_attr":""},"product_brand":[1585],"product_category":[557],"class_list":["post-642240","product","type-product","status-publish","hentry","product_brand-1585","product_category-bandas-depilar"],"_links":{"self":[{"href":"https:\/\/industriasoriol.com\/pt-pt\/wp-json\/wp\/v2\/product\/642240","targetHints":{"allow":["GET"]}}],"collection":[{"href":"https:\/\/industriasoriol.com\/pt-pt\/wp-json\/wp\/v2\/product"}],"about":[{"href":"https:\/\/industriasoriol.com\/pt-pt\/wp-json\/wp\/v2\/types\/product"}],"wp:attachment":[{"href":"https:\/\/industriasoriol.com\/pt-pt\/wp-json\/wp\/v2\/media?parent=642240"}],"wp:term":[{"taxonomy":"product_brand","embeddable":true,"href":"https:\/\/industriasoriol.com\/pt-pt\/wp-json\/wp\/v2\/product_brand?post=642240"},{"taxonomy":"product_category","embeddable":true,"href":"https:\/\/industriasoriol.com\/pt-pt\/wp-json\/wp\/v2\/product_category?post=642240"}],"curies":[{"name":"wp","href":"https:\/\/api.w.org\/{rel}","templated":true}]}}