{"id":642444,"date":"2026-04-09T03:12:36","date_gmt":"2026-04-09T01:12:36","guid":{"rendered":"https:\/\/industriasoriol.com\/?p=642444"},"modified":"2026-04-09T03:12:36","modified_gmt":"2026-04-09T01:12:36","slug":"prancha-profissional-ceramica-turmalina-rosa","status":"publish","type":"product","link":"https:\/\/industriasoriol.com\/pt-pt\/producto\/prancha-profissional-ceramica-turmalina-rosa\/","title":{"rendered":"PRANCHA PROFISSIONAL CER\u00c0MICA\/TURMALINA ROSA"},"content":{"rendered":"<p>Placas de cer\u00e2mica com turmalina que cuidam do cabelo, proporcionando-lhe brilho e suavidade. A sua carga i\u00f3nica previne a eletricidade est\u00e1tica e o encrespamento do cabelo. Com tecnologia Nano Silver, que elimina as bact\u00e9rias.<\/p>\n<p>Pot\u00eancia 43 W<\/p>\n<p>Temperatura entre 80 \u00baC &#8211; 230 \u00baC<\/p>\n<p>Resist\u00eancia MCH<\/p>\n<p>Aquecimento em 20 min.<\/p>\n<p>Cabo de Alim. 3 m de cabo com rota\u00e7\u00e3o 360\u00ba<\/p>\n<p><strong>Caracter\u00edsticas<\/strong><\/p>\n<ul style=\"list-style-type: circle\" data-mce-style=\"list-style-type: circle;\">\n<li>Term\u00f3stato interno que evita o sobreaquecimento<\/li>\n<li>Ecr\u00e3 LCD com indica\u00e7\u00e3o de temperatura<\/li>\n<li>Desligamento autom\u00e1tico depois de 60 minutos<\/li>\n<li>Ajuste temperatura mediante bot\u00f5es<\/li>\n<li>Punho soft touch<\/li>\n<li>Mem\u00f3ria de temperatura<\/li>\n<li>Para cabelo natural<\/li>\n<\/ul>\n","protected":false},"featured_media":0,"template":"","meta":{"_eb_attr":""},"product_brand":[1581],"product_category":[344],"class_list":["post-642444","product","type-product","status-publish","hentry","product_brand-1581","product_category-planchas"],"_links":{"self":[{"href":"https:\/\/industriasoriol.com\/pt-pt\/wp-json\/wp\/v2\/product\/642444","targetHints":{"allow":["GET"]}}],"collection":[{"href":"https:\/\/industriasoriol.com\/pt-pt\/wp-json\/wp\/v2\/product"}],"about":[{"href":"https:\/\/industriasoriol.com\/pt-pt\/wp-json\/wp\/v2\/types\/product"}],"wp:attachment":[{"href":"https:\/\/industriasoriol.com\/pt-pt\/wp-json\/wp\/v2\/media?parent=642444"}],"wp:term":[{"taxonomy":"product_brand","embeddable":true,"href":"https:\/\/industriasoriol.com\/pt-pt\/wp-json\/wp\/v2\/product_brand?post=642444"},{"taxonomy":"product_category","embeddable":true,"href":"https:\/\/industriasoriol.com\/pt-pt\/wp-json\/wp\/v2\/product_category?post=642444"}],"curies":[{"name":"wp","href":"https:\/\/api.w.org\/{rel}","templated":true}]}}