{"id":643418,"date":"2026-04-10T01:03:06","date_gmt":"2026-04-09T23:03:06","guid":{"rendered":"https:\/\/industriasoriol.com\/?p=643418"},"modified":"2026-04-10T01:03:06","modified_gmt":"2026-04-09T23:03:06","slug":"champo-neutro-sem-perfume-tassel-1-litro","status":"publish","type":"product","link":"https:\/\/industriasoriol.com\/pt-pt\/producto\/champo-neutro-sem-perfume-tassel-1-litro\/","title":{"rendered":"CHAMP\u00d4 NEUTRO SEM PERFUME TASSEL 1 LITRO"},"content":{"rendered":"<p data-start=\"1396\" data-end=\"1632\"><strong data-start=\"1396\" data-end=\"1490\">Champ\u00f4 para todos os tipos de cabelo, especialmente indicado para uso di\u00e1rio ou frequente.<\/strong><br data-start=\"1490\" data-end=\"1493\">Lava suavemente o cabelo, mantendo o pH natural da cut\u00edcula capilar. Protege o couro cabeludo, proporcionando equil\u00edbrio e sa\u00fade ao cabelo.<\/p>\n<p data-start=\"1634\" data-end=\"1897\"><strong data-start=\"1634\" data-end=\"1647\">APLICA\u00c7\u00c3O<\/strong><br data-start=\"1647\" data-end=\"1650\">Aplicar uma pequena quantidade sobre o cabelo molhado e emulsionar at\u00e9 formar espuma. Enxaguar e repetir a opera\u00e7\u00e3o, deixando atuar alguns minutos. Enxaguar completamente. Em caso de contacto com os olhos, enxaguar imediatamente com bastante \u00e1gua.<\/p>\n<p data-start=\"1899\" data-end=\"1912\"><strong data-start=\"1899\" data-end=\"1910\">FORMATO<\/strong><\/p>\n<ul data-start=\"1913\" data-end=\"1954\">\n<li data-start=\"1913\" data-end=\"1919\">\n<p data-start=\"1915\" data-end=\"1919\">1L<\/p>\n<\/li>\n<li data-start=\"1920\" data-end=\"1935\">\n<p data-start=\"1922\" data-end=\"1935\">Sem perfume<\/p>\n<\/li>\n<li data-start=\"1936\" data-end=\"1954\">\n<p data-start=\"1938\" data-end=\"1954\">Sem alerg\u00e9nios<\/p>\n<\/li>\n<\/ul>\n","protected":false},"featured_media":0,"template":"","meta":{"_eb_attr":""},"product_brand":[1596],"product_category":[1686],"class_list":["post-643418","product","type-product","status-publish","hentry","product_brand-1596","product_category-champus"],"_links":{"self":[{"href":"https:\/\/industriasoriol.com\/pt-pt\/wp-json\/wp\/v2\/product\/643418","targetHints":{"allow":["GET"]}}],"collection":[{"href":"https:\/\/industriasoriol.com\/pt-pt\/wp-json\/wp\/v2\/product"}],"about":[{"href":"https:\/\/industriasoriol.com\/pt-pt\/wp-json\/wp\/v2\/types\/product"}],"wp:attachment":[{"href":"https:\/\/industriasoriol.com\/pt-pt\/wp-json\/wp\/v2\/media?parent=643418"}],"wp:term":[{"taxonomy":"product_brand","embeddable":true,"href":"https:\/\/industriasoriol.com\/pt-pt\/wp-json\/wp\/v2\/product_brand?post=643418"},{"taxonomy":"product_category","embeddable":true,"href":"https:\/\/industriasoriol.com\/pt-pt\/wp-json\/wp\/v2\/product_category?post=643418"}],"curies":[{"name":"wp","href":"https:\/\/api.w.org\/{rel}","templated":true}]}}