{"id":644683,"date":"2026-04-10T01:15:25","date_gmt":"2026-04-09T23:15:25","guid":{"rendered":"https:\/\/industriasoriol.com\/?p=644683"},"modified":"2026-04-10T01:15:25","modified_gmt":"2026-04-09T23:15:25","slug":"cera-em-spray-spray-wax-200ml","status":"publish","type":"product","link":"https:\/\/industriasoriol.com\/pt-pt\/producto\/cera-em-spray-spray-wax-200ml\/","title":{"rendered":"CERA EM SPRAY \u201cSPRAY WAX\u201d 200ML"},"content":{"rendered":"<p>Spray Wax \u00e9 uma cera que confere ao cabelo um aspeto livre e flex\u00edvel e permite control\u00e1-lo com um acabamento natural, adquirindo a forma e estrutura desejadas. <\/p>\n<p>Perfeito como complemento do spray de cabelo para criar ou adicionar uma fixa\u00e7\u00e3o flex\u00edvel.<\/p>\n","protected":false},"featured_media":0,"template":"","meta":{"_eb_attr":""},"product_brand":[1596],"product_category":[381],"class_list":["post-644683","product","type-product","status-publish","hentry","product_brand-1596","product_category-productos-de-acabado"],"_links":{"self":[{"href":"https:\/\/industriasoriol.com\/pt-pt\/wp-json\/wp\/v2\/product\/644683","targetHints":{"allow":["GET"]}}],"collection":[{"href":"https:\/\/industriasoriol.com\/pt-pt\/wp-json\/wp\/v2\/product"}],"about":[{"href":"https:\/\/industriasoriol.com\/pt-pt\/wp-json\/wp\/v2\/types\/product"}],"wp:attachment":[{"href":"https:\/\/industriasoriol.com\/pt-pt\/wp-json\/wp\/v2\/media?parent=644683"}],"wp:term":[{"taxonomy":"product_brand","embeddable":true,"href":"https:\/\/industriasoriol.com\/pt-pt\/wp-json\/wp\/v2\/product_brand?post=644683"},{"taxonomy":"product_category","embeddable":true,"href":"https:\/\/industriasoriol.com\/pt-pt\/wp-json\/wp\/v2\/product_category?post=644683"}],"curies":[{"name":"wp","href":"https:\/\/api.w.org\/{rel}","templated":true}]}}