{"id":644857,"date":"2026-04-10T01:17:24","date_gmt":"2026-04-09T23:17:24","guid":{"rendered":"https:\/\/industriasoriol.com\/?p=644857"},"modified":"2026-04-10T01:17:24","modified_gmt":"2026-04-09T23:17:24","slug":"oleo-metal-detox-100-ml","status":"publish","type":"product","link":"https:\/\/industriasoriol.com\/pt-pt\/producto\/oleo-metal-detox-100-ml\/","title":{"rendered":"\u00d3LEO METAL DETOX 100 ML"},"content":{"rendered":"<p>A linha de tratamento profissional METAL DETOX foi formulada para eliminar eficazmente os res\u00edduos de metais pesados acumulados no cabelo ap\u00f3s a colora\u00e7\u00e3o, a descolora\u00e7\u00e3o e outros processos qu\u00edmicos. A sua tecnologia inovadora purifica a fibra capilar, reparando a cut\u00edcula e garantindo um cabelo mais macio, brilhante e cheio.<\/p>\n","protected":false},"featured_media":0,"template":"","meta":{"_eb_attr":""},"product_brand":[1596],"product_category":[1676],"class_list":["post-644857","product","type-product","status-publish","hentry","product_brand-1596","product_category-aceites-y-serums"],"_links":{"self":[{"href":"https:\/\/industriasoriol.com\/pt-pt\/wp-json\/wp\/v2\/product\/644857","targetHints":{"allow":["GET"]}}],"collection":[{"href":"https:\/\/industriasoriol.com\/pt-pt\/wp-json\/wp\/v2\/product"}],"about":[{"href":"https:\/\/industriasoriol.com\/pt-pt\/wp-json\/wp\/v2\/types\/product"}],"wp:attachment":[{"href":"https:\/\/industriasoriol.com\/pt-pt\/wp-json\/wp\/v2\/media?parent=644857"}],"wp:term":[{"taxonomy":"product_brand","embeddable":true,"href":"https:\/\/industriasoriol.com\/pt-pt\/wp-json\/wp\/v2\/product_brand?post=644857"},{"taxonomy":"product_category","embeddable":true,"href":"https:\/\/industriasoriol.com\/pt-pt\/wp-json\/wp\/v2\/product_category?post=644857"}],"curies":[{"name":"wp","href":"https:\/\/api.w.org\/{rel}","templated":true}]}}