{"id":645422,"date":"2026-04-10T01:22:53","date_gmt":"2026-04-09T23:22:53","guid":{"rendered":"https:\/\/industriasoriol.com\/?p=645422"},"modified":"2026-04-10T01:22:53","modified_gmt":"2026-04-09T23:22:53","slug":"maquina-supernova-cor-preto","status":"publish","type":"product","link":"https:\/\/industriasoriol.com\/pt-pt\/producto\/maquina-supernova-cor-preto\/","title":{"rendered":"MAQUINA SUPERNOVA COR PRETO"},"content":{"rendered":"<p><strong>Pot\u00eancia <\/strong>8 W<br \/><strong>Rota\u00e7\u00f5es <\/strong>5500+\/-100 rpm<br \/><strong>Turbo <\/strong>5700-100 &#8211; cpm<br \/>Grau degrada\u00e7\u00e3o 0.5 mm<br \/><strong>Material l\u00e2mina<\/strong> A\u00e7o japon\u00eas<br \/>Escovas 6 pentes adaptadores de medida (1.5, 3, 4.5, 6,&nbsp; 10, 13 mm)&nbsp;<\/p>\n<p><strong>Caracter\u00edsticas <\/strong><\/p>\n<ul style=\"list-style-type: circle\" data-mce-style=\"list-style-type: circle;\">\n<li>Alavanca reguladora de l\u00e2mina <\/li>\n<li>Escova de limpeza <\/li>\n<li>Frasco de \u00f3leo lubrificante <\/li>\n<li>Protetor l\u00e2mina <\/li>\n<li>Fonte de alimenta\u00e7\u00e3o <\/li>\n<li>Fun\u00e7\u00e3o turbo <\/li>\n<li>Ecr\u00e3 LCD multifun\u00e7\u00e3o<\/li>\n<\/ul>\n","protected":false},"featured_media":0,"template":"","meta":{"_eb_attr":""},"product_brand":[1589],"product_category":[495],"class_list":["post-645422","product","type-product","status-publish","hentry","product_brand-1589","product_category-maquinas-de-corte"],"_links":{"self":[{"href":"https:\/\/industriasoriol.com\/pt-pt\/wp-json\/wp\/v2\/product\/645422","targetHints":{"allow":["GET"]}}],"collection":[{"href":"https:\/\/industriasoriol.com\/pt-pt\/wp-json\/wp\/v2\/product"}],"about":[{"href":"https:\/\/industriasoriol.com\/pt-pt\/wp-json\/wp\/v2\/types\/product"}],"wp:attachment":[{"href":"https:\/\/industriasoriol.com\/pt-pt\/wp-json\/wp\/v2\/media?parent=645422"}],"wp:term":[{"taxonomy":"product_brand","embeddable":true,"href":"https:\/\/industriasoriol.com\/pt-pt\/wp-json\/wp\/v2\/product_brand?post=645422"},{"taxonomy":"product_category","embeddable":true,"href":"https:\/\/industriasoriol.com\/pt-pt\/wp-json\/wp\/v2\/product_category?post=645422"}],"curies":[{"name":"wp","href":"https:\/\/api.w.org\/{rel}","templated":true}]}}