{"id":645937,"date":"2026-04-10T01:27:31","date_gmt":"2026-04-09T23:27:31","guid":{"rendered":"https:\/\/industriasoriol.com\/?p=645937"},"modified":"2026-04-10T01:27:31","modified_gmt":"2026-04-09T23:27:31","slug":"champo-seco-tassel-300-ml","status":"publish","type":"product","link":"https:\/\/industriasoriol.com\/pt-pt\/producto\/champo-seco-tassel-300-ml\/","title":{"rendered":"CHAMP\u00d4 SECO TASSEL 300 ML."},"content":{"rendered":"<p>N\u00c3O NECESSITA DE \u00c1GUA.<\/p>\n<p>Dry Shampoo \u00e9 um champ\u00f4 em p\u00f3 que se aplica em spray. Proporciona um volume mais pronunciado. Ajuda a que o cabelo se mantenha limpo durante mais tempo. Ideal para cabelos oleosos, absorve o excesso de sebo, matificando o cabelo e proporcionando um aspeto mais limpo e saud\u00e1vel. Tamb\u00e9m \u00e9 recomend\u00e1vel para cabelos rec\u00e9m-lavados, para dar textura, proporcionar volume e facilitar o pentear. Para todos os tipos de cabelo.<\/p>\n","protected":false},"featured_media":0,"template":"","meta":{"_eb_attr":""},"product_brand":[1596],"product_category":[1686],"class_list":["post-645937","product","type-product","status-publish","hentry","product_brand-1596","product_category-champus"],"_links":{"self":[{"href":"https:\/\/industriasoriol.com\/pt-pt\/wp-json\/wp\/v2\/product\/645937","targetHints":{"allow":["GET"]}}],"collection":[{"href":"https:\/\/industriasoriol.com\/pt-pt\/wp-json\/wp\/v2\/product"}],"about":[{"href":"https:\/\/industriasoriol.com\/pt-pt\/wp-json\/wp\/v2\/types\/product"}],"wp:attachment":[{"href":"https:\/\/industriasoriol.com\/pt-pt\/wp-json\/wp\/v2\/media?parent=645937"}],"wp:term":[{"taxonomy":"product_brand","embeddable":true,"href":"https:\/\/industriasoriol.com\/pt-pt\/wp-json\/wp\/v2\/product_brand?post=645937"},{"taxonomy":"product_category","embeddable":true,"href":"https:\/\/industriasoriol.com\/pt-pt\/wp-json\/wp\/v2\/product_category?post=645937"}],"curies":[{"name":"wp","href":"https:\/\/api.w.org\/{rel}","templated":true}]}}