{"id":646857,"date":"2026-04-10T01:39:14","date_gmt":"2026-04-09T23:39:14","guid":{"rendered":"https:\/\/industriasoriol.com\/?p=646857"},"modified":"2026-04-10T01:39:14","modified_gmt":"2026-04-09T23:39:14","slug":"navalha-clasica","status":"publish","type":"product","link":"https:\/\/industriasoriol.com\/pt-pt\/producto\/navalha-clasica\/","title":{"rendered":"NAVALHA CLASICA"},"content":{"rendered":"<p data-start=\"801\" data-end=\"822\"><strong data-start=\"801\" data-end=\"820\">CARACTER\u00cdSTICAS<\/strong><\/p>\n<ul data-start=\"823\" data-end=\"1016\" style=\"list-style-type: circle\" data-mce-style=\"list-style-type: circle;\">\n<li data-start=\"823\" data-end=\"860\">\n<p data-start=\"825\" data-end=\"860\">Material: cabe\u00e7a de liga de zinco<\/p>\n<\/li>\n<li data-start=\"861\" data-end=\"891\">\n<p data-start=\"863\" data-end=\"891\">Material do cabo: alum\u00ednio<\/p>\n<\/li>\n<li data-start=\"892\" data-end=\"916\">\n<p data-start=\"894\" data-end=\"916\">Comprimento: 10,5 cm<\/p>\n<\/li>\n<li data-start=\"917\" data-end=\"936\">\n<p data-start=\"919\" data-end=\"936\">Largura: 4,2 cm<\/p>\n<\/li>\n<li data-start=\"937\" data-end=\"1016\">\n<p data-start=\"939\" data-end=\"1016\">Inclui 5 l\u00e2minas de a\u00e7o inoxid\u00e1vel de alta qualidade revestidas com platina<\/p>\n<\/li>\n<\/ul>\n","protected":false},"featured_media":0,"template":"","meta":{"_eb_attr":""},"product_brand":[1589],"product_category":[492],"class_list":["post-646857","product","type-product","status-publish","hentry","product_brand-1589","product_category-navajas"],"_links":{"self":[{"href":"https:\/\/industriasoriol.com\/pt-pt\/wp-json\/wp\/v2\/product\/646857","targetHints":{"allow":["GET"]}}],"collection":[{"href":"https:\/\/industriasoriol.com\/pt-pt\/wp-json\/wp\/v2\/product"}],"about":[{"href":"https:\/\/industriasoriol.com\/pt-pt\/wp-json\/wp\/v2\/types\/product"}],"wp:attachment":[{"href":"https:\/\/industriasoriol.com\/pt-pt\/wp-json\/wp\/v2\/media?parent=646857"}],"wp:term":[{"taxonomy":"product_brand","embeddable":true,"href":"https:\/\/industriasoriol.com\/pt-pt\/wp-json\/wp\/v2\/product_brand?post=646857"},{"taxonomy":"product_category","embeddable":true,"href":"https:\/\/industriasoriol.com\/pt-pt\/wp-json\/wp\/v2\/product_category?post=646857"}],"curies":[{"name":"wp","href":"https:\/\/api.w.org\/{rel}","templated":true}]}}