{"id":646929,"date":"2026-04-10T01:39:53","date_gmt":"2026-04-09T23:39:53","guid":{"rendered":"https:\/\/industriasoriol.com\/?p=646929"},"modified":"2026-04-10T01:39:53","modified_gmt":"2026-04-09T23:39:53","slug":"dispensador-de-100-folhas-elios-com-rebordo-duplo","status":"publish","type":"product","link":"https:\/\/industriasoriol.com\/pt-pt\/producto\/dispensador-de-100-folhas-elios-com-rebordo-duplo\/","title":{"rendered":"DISPENSADOR DE 100 FOLHAS ELIOS COM REBORDO DUPLO"},"content":{"rendered":"<p data-start=\"921\" data-end=\"984\">M\u00e1xima qualidade, precis\u00e3o e suavidade em cada utiliza\u00e7\u00e3o<\/p>\n<ul data-start=\"986\" data-end=\"1249\">\n<li data-start=\"986\" data-end=\"1058\">\n<p data-start=\"988\" data-end=\"1058\"><strong data-start=\"988\" data-end=\"1011\">L\u00e2minas inoxid\u00e1veis<\/strong>: desenvolvidas para um desempenho duradouro.<\/p>\n<\/li>\n<li data-start=\"1059\" data-end=\"1151\">\n<p data-start=\"1061\" data-end=\"1151\"><strong data-start=\"1061\" data-end=\"1092\">A\u00e7o sueco de alta qualidade<\/strong>: tradi\u00e7\u00e3o e resist\u00eancia que garantem m\u00e1xima fiabilidade.<\/p>\n<\/li>\n<li data-start=\"1152\" data-end=\"1249\">\n<p data-start=\"1154\" data-end=\"1249\"><strong data-start=\"1154\" data-end=\"1181\">Revestimento em platina<\/strong>: proporciona um barbear perfeito, seguro e excecionalmente suave.<\/p>\n<\/li>\n<\/ul>\n","protected":false},"featured_media":0,"template":"","meta":{"_eb_attr":""},"product_brand":[1581],"product_category":[513],"class_list":["post-646929","product","type-product","status-publish","hentry","product_brand-1581","product_category-cuchillas"],"_links":{"self":[{"href":"https:\/\/industriasoriol.com\/pt-pt\/wp-json\/wp\/v2\/product\/646929","targetHints":{"allow":["GET"]}}],"collection":[{"href":"https:\/\/industriasoriol.com\/pt-pt\/wp-json\/wp\/v2\/product"}],"about":[{"href":"https:\/\/industriasoriol.com\/pt-pt\/wp-json\/wp\/v2\/types\/product"}],"wp:attachment":[{"href":"https:\/\/industriasoriol.com\/pt-pt\/wp-json\/wp\/v2\/media?parent=646929"}],"wp:term":[{"taxonomy":"product_brand","embeddable":true,"href":"https:\/\/industriasoriol.com\/pt-pt\/wp-json\/wp\/v2\/product_brand?post=646929"},{"taxonomy":"product_category","embeddable":true,"href":"https:\/\/industriasoriol.com\/pt-pt\/wp-json\/wp\/v2\/product_category?post=646929"}],"curies":[{"name":"wp","href":"https:\/\/api.w.org\/{rel}","templated":true}]}}