{"id":6896,"date":"2025-08-07T12:10:51","date_gmt":"2025-08-07T12:10:51","guid":{"rendered":"https:\/\/industriasoriol.com\/product\/maquina-de-corte-black-bart-ragnar\/"},"modified":"2026-04-09T02:43:43","modified_gmt":"2026-04-09T00:43:43","slug":"maquina-de-corte-black-bart-ragnar","status":"publish","type":"product","link":"https:\/\/industriasoriol.com\/pt-pt\/producto\/maquina-de-corte-black-bart-ragnar\/","title":{"rendered":"M\u00c1QUINA DE CORTE BLACK BART RAGNAR"},"content":{"rendered":"<p>La m\u00e1quina de cortar cabello Black Bart de RAGNAR cuenta con un motor de gran potencia y cuchillas de acero japon\u00e9s para garantizar un gran resultado. Est\u00e1 fabricada con materiales de alta calidad, es ligera y silenciosa.<\/p>\n<p><strong>Potencia <\/strong>10 W<br \/><strong>Revoluciones <\/strong>6000+\/-500 rpm.<br \/><strong>Motor <\/strong>Magn\u00e9tico<br \/><strong>Salida <\/strong>5V &#8212; 1A<br \/><strong>Material <\/strong>cuchilla Acero japon\u00e9s<br \/>6 peines adaptadores de medida&nbsp; (1.5, 3, 4.5, 6, 9, 12 mm)<br \/>Cable de Alim. 2 m<\/p>\n<p><strong>Caracter\u00edsticas <\/strong><\/p>\n<ul style=\"list-style-type: circle\" data-mce-style=\"list-style-type: circle;\">\n<li>Palanca reguladora de cuchilla<\/li>\n<li>Condiciones ambientales id\u00f3neas para su uso:&nbsp; En interiores \/ Temperatura 0\u00baC a 45\u00baC<\/li>\n<li>Cepillo de limpieza<\/li>\n<li>Bote de aceite lubricante<\/li>\n<li>Protector cuchilla<\/li>\n<li>Apta para cualquier tipo de cabello natural<\/li>\n<li>Funciona con cable<\/li>\n<\/ul>\n","protected":false},"featured_media":0,"template":"","meta":{"_eb_attr":""},"product_brand":[627],"product_category":[495],"class_list":["post-6896","product","type-product","status-publish","hentry","product_brand-ragnar","product_category-maquinas-de-corte"],"_links":{"self":[{"href":"https:\/\/industriasoriol.com\/pt-pt\/wp-json\/wp\/v2\/product\/6896","targetHints":{"allow":["GET"]}}],"collection":[{"href":"https:\/\/industriasoriol.com\/pt-pt\/wp-json\/wp\/v2\/product"}],"about":[{"href":"https:\/\/industriasoriol.com\/pt-pt\/wp-json\/wp\/v2\/types\/product"}],"wp:attachment":[{"href":"https:\/\/industriasoriol.com\/pt-pt\/wp-json\/wp\/v2\/media?parent=6896"}],"wp:term":[{"taxonomy":"product_brand","embeddable":true,"href":"https:\/\/industriasoriol.com\/pt-pt\/wp-json\/wp\/v2\/product_brand?post=6896"},{"taxonomy":"product_category","embeddable":true,"href":"https:\/\/industriasoriol.com\/pt-pt\/wp-json\/wp\/v2\/product_category?post=6896"}],"curies":[{"name":"wp","href":"https:\/\/api.w.org\/{rel}","templated":true}]}}